{"id":2020,"date":"2025-04-10T09:15:35","date_gmt":"2025-04-10T08:15:35","guid":{"rendered":"https:\/\/yogacandrasurya.fr\/?page_id=2020"},"modified":"2025-04-10T09:20:36","modified_gmt":"2025-04-10T08:20:36","slug":"mentions-legales","status":"publish","type":"page","link":"https:\/\/yogacandrasurya.fr\/index.php\/mentions-legales\/","title":{"rendered":"Mentions l\u00e9gales"},"content":{"rendered":"<p>[et_pb_section fb_built=&#8221;1&#8243; admin_label=&#8221;Hero&#8221; _builder_version=&#8221;4.27.4&#8243; _module_preset=&#8221;default&#8221; background_image=&#8221;https:\/\/yogacandrasurya.fr\/wp-content\/uploads\/2025\/04\/jared-rice-xce530fBHrk-unsplash-scaled-1.jpg&#8221; custom_padding=&#8221;2em||2em||true|false&#8221; animation_style=&#8221;zoom&#8221; animation_intensity_zoom=&#8221;4%&#8221; da_disable_devices=&#8221;off|off|off&#8221; global_colors_info=&#8221;{}&#8221; da_is_popup=&#8221;off&#8221; da_exit_intent=&#8221;off&#8221; da_has_close=&#8221;on&#8221; da_alt_close=&#8221;off&#8221; da_dark_close=&#8221;off&#8221; da_not_modal=&#8221;on&#8221; da_is_singular=&#8221;off&#8221; da_with_loader=&#8221;off&#8221; da_has_shadow=&#8221;on&#8221;][et_pb_row _builder_version=&#8221;4.27.4&#8243; _module_preset=&#8221;default&#8221; global_colors_info=&#8221;{}&#8221;][et_pb_column type=&#8221;4_4&#8243; _builder_version=&#8221;4.27.4&#8243; _module_preset=&#8221;default&#8221; global_colors_info=&#8221;{}&#8221;][et_pb_menu menu_id=&#8221;21&#8243; menu_style=&#8221;centered&#8221; menu_icon_color=&#8221;#FFFFFF&#8221; _builder_version=&#8221;4.27.4&#8243; _module_preset=&#8221;default&#8221; menu_font=&#8221;Montserrat|600||on|||||&#8221; menu_text_color=&#8221;gcid-35598f06-2cb5-4dc8-900c-6abb911ec4ef&#8221; menu_font_size=&#8221;17px&#8221; menu_letter_spacing=&#8221;1px&#8221; background_enable_color=&#8221;off&#8221; global_colors_info=&#8221;{%22gcid-35598f06-2cb5-4dc8-900c-6abb911ec4ef%22:%91%22menu_text_color%22%93}&#8221;][\/et_pb_menu][\/et_pb_column][\/et_pb_row][\/et_pb_section][et_pb_section fb_built=&#8221;1&#8243; admin_label=&#8221;Service Section&#8221; _builder_version=&#8221;4.27.4&#8243; _module_preset=&#8221;default&#8221; custom_margin=&#8221;|||&#8221; custom_padding=&#8221;||||false|false&#8221; da_disable_devices=&#8221;off|off|off&#8221; global_colors_info=&#8221;{}&#8221; da_is_popup=&#8221;off&#8221; da_exit_intent=&#8221;off&#8221; da_has_close=&#8221;on&#8221; da_alt_close=&#8221;off&#8221; da_dark_close=&#8221;off&#8221; da_not_modal=&#8221;on&#8221; da_is_singular=&#8221;off&#8221; da_with_loader=&#8221;off&#8221; da_has_shadow=&#8221;on&#8221;][et_pb_row use_custom_gutter=&#8221;on&#8221; gutter_width=&#8221;4&#8243; admin_label=&#8221;Feature&#8221; module_class=&#8221; et_pb_row_fullwidth&#8221; _builder_version=&#8221;4.16&#8243; _module_preset=&#8221;default&#8221; width=&#8221;86%&#8221; width_tablet=&#8221;80%&#8221; width_phone=&#8221;80%&#8221; width_last_edited=&#8221;on|desktop&#8221; max_width=&#8221;86%&#8221; max_width_tablet=&#8221;80%&#8221; max_width_phone=&#8221;80%&#8221; max_width_last_edited=&#8221;on|desktop&#8221; custom_padding=&#8221;40px||7px|||&#8221; make_fullwidth=&#8221;on&#8221; global_colors_info=&#8221;{}&#8221;][et_pb_column type=&#8221;4_4&#8243; _builder_version=&#8221;4.16&#8243; _module_preset=&#8221;default&#8221; background_color_gradient_start=&#8221;#fcd21d&#8221; background_color_gradient_end=&#8221;#fcd21d&#8221; custom_padding=&#8221;|||&#8221; global_colors_info=&#8221;{}&#8221; custom_padding__hover=&#8221;|||&#8221;][et_pb_text admin_label=&#8221;Title&#8221; _builder_version=&#8221;4.27.4&#8243; _module_preset=&#8221;94b6874f-66b5-4751-a3b5-da1a841970fe&#8221; text_font=&#8221;Montserrat||||||||&#8221; text_text_color=&#8221;#747d88&#8243; text_font_size=&#8221;16px&#8221; text_line_height=&#8221;1.9em&#8221; header_font=&#8221;||||||||&#8221; header_text_align=&#8221;left&#8221; header_2_font=&#8221;Montserrat|700||on|||||&#8221; header_2_font_size=&#8221;42px&#8221; header_2_line_height=&#8221;1.3em&#8221; header_4_font=&#8221;Inter|600||on|||||&#8221; header_4_font_size=&#8221;12px&#8221; header_4_letter_spacing=&#8221;0.5em&#8221; header_4_line_height=&#8221;1.4em&#8221; module_alignment=&#8221;left&#8221; custom_margin=&#8221;||2em||false|false&#8221; animation_style=&#8221;slide&#8221; animation_direction=&#8221;bottom&#8221; animation_intensity_slide=&#8221;4%&#8221; locked=&#8221;off&#8221; global_colors_info=&#8221;{}&#8221;]<\/p>\n<h2>Mentions l\u00e9gales<\/h2>\n<p>[\/et_pb_text][et_pb_text admin_label=&#8221;Subtitle&#8221; _builder_version=&#8221;4.27.4&#8243; _module_preset=&#8221;94b6874f-66b5-4751-a3b5-da1a841970fe&#8221; text_font=&#8221;Montserrat||||&#8221; text_text_color=&#8221;#747d88&#8243; text_font_size=&#8221;16px&#8221; text_line_height=&#8221;1.8em&#8221; header_font=&#8221;||||||||&#8221; header_4_font=&#8221;Inter|600||on|||||&#8221; header_4_font_size=&#8221;12px&#8221; header_4_letter_spacing=&#8221;0.5em&#8221; header_4_line_height=&#8221;1.4em&#8221; module_alignment=&#8221;left&#8221; custom_margin=&#8221;|||&#8221; custom_padding=&#8221;||20px|&#8221; animation_style=&#8221;slide&#8221; animation_direction=&#8221;bottom&#8221; animation_delay=&#8221;100ms&#8221; animation_intensity_slide=&#8221;4%&#8221; locked=&#8221;off&#8221; global_colors_info=&#8221;{}&#8221;]<\/p>\n<div dir=\"ltr\">\n<div>\n<div dir=\"ltr\">\n<div>\n<p><span id=\"m_1145687313373443050m_3928210951932189576ox-ee3c6db8be-m_-8668826248110318283gmail-m_-3832540721329432877docs-internal-guid-1b4dd1c3-7fff-a0d4-43ba-42c32850da1f\"><span>Conform\u00e9ment aux dispositions des Articles 6-III et 19 de la Loi n\u00b02004-575 du 21 juin 2004 pour la Confiance dans l\u2019\u00e9conomie num\u00e9rique, dite L.C.E.N., il est port\u00e9 \u00e0 la connaissance des Utilisateurs du site\u00a0<a href=\"https:\/\/yogacandrasurya.fr\/\" target=\"_blank\" data-saferedirecturl=\"https:\/\/www.google.com\/url?q=https:\/\/yogacandrasurya.fr\/&amp;source=gmail&amp;ust=1744353149634000&amp;usg=AOvVaw22PAPcbxSlFdjzO3LKycw3\" rel=\"noopener\">https:\/\/yogacandrasurya.fr\/<\/a>\u00a0<\/span><span>le<wbr \/>s pr\u00e9sentes mentions l\u00e9gales.<\/span><\/span><\/p>\n<\/div>\n<\/div>\n<\/div>\n<\/div>\n<div dir=\"ltr\">\n<div>\n<div dir=\"ltr\">\n<div>\n<p><span>La connexion et la navigation sur le site<a href=\"https:\/\/yogacandrasurya.fr\/\" target=\"_blank\" data-saferedirecturl=\"https:\/\/www.google.com\/url?q=https:\/\/yogacandrasurya.fr\/&amp;source=gmail&amp;ust=1744353149634000&amp;usg=AOvVaw22PAPcbxSlFdjzO3LKycw3\" rel=\"noopener\">https:\/\/yogacandrasurya.fr\/<\/a><\/span><span>p<wbr \/>ar l\u2019Utilisateur implique l&#8217;acceptation int\u00e9grale et sans r\u00e9serve des pr\u00e9sentes mentions l\u00e9gales.<\/span><\/p>\n<p><span>Ces derni\u00e8res sont accessibles sur le site \u00e0 la rubrique \u00ab Mentions l\u00e9gales \u00bb.<\/span><\/p>\n<h3><span>ARTICLE 1 : PR\u00c9SENTATION DU SITE<\/span><\/h3>\n<p><span>Propri\u00e9taire et Repr\u00e9sentant l\u00e9gal :<\/span>\u00a0<span>G\u00e9hin<\/span><\/p>\n<p><span><a href=\"mailto:lucilegehin@orange.fr\" target=\"_blank\" rel=\"noopener\">lucilegehin@orange.fr<\/a><\/span><\/p>\n<p><span>Responsable de publication et de cr\u00e9ation :<\/span>\u00a0<span>G\u00e9hin<\/span><\/p>\n<p><span>Le responsable publication\/cr\u00e9ation est une personne physique.<\/span><\/p>\n<p><span>D\u00e9veloppement Web et Design du site :<\/span><span>\u00a0Marion Perrin &#8211; Graphiste spirituelle<\/span><\/p>\n<p><span><a href=\"https:\/\/marion-perrin.com\/\" target=\"_blank\" data-saferedirecturl=\"https:\/\/www.google.com\/url?q=https:\/\/marion-perrin.com&amp;source=gmail&amp;ust=1744353149634000&amp;usg=AOvVaw0ZWmCDmg6IcAy_DqjJpix8\" rel=\"noopener\">https:\/\/marion-perrin.com<\/a><\/span><\/p>\n<h3><span>ARTICLE 2 : L\u2019H\u00c9BERGEUR<\/span><\/h3>\n<p><span>L\u2019h\u00e9bergeur du site<a href=\"https:\/\/yogacandrasurya.fr\/\" target=\"_blank\" data-saferedirecturl=\"https:\/\/www.google.com\/url?q=https:\/\/yogacandrasurya.fr\/&amp;source=gmail&amp;ust=1744353149634000&amp;usg=AOvVaw22PAPcbxSlFdjzO3LKycw3\" rel=\"noopener\">https:\/\/yogacandrasurya.fr\/<\/a><\/span><span>e<wbr \/>st la Soci\u00e9t\u00e9 OVH, dont le si\u00e8ge social est situ\u00e9 au 2 rue Kellermann \u2013 59100 Roubaix \u2013 France.<\/span><\/p>\n<h3><span>ARTICLE 3 : ACC\u00c8S AU SITE<\/span><\/h3>\n<p><span>Le site est accessible par tout endroit, 7j\/7, 24h\/24 sauf cas de force majeure, interruption programm\u00e9e ou non et pouvant d\u00e9coulant d\u2019une n\u00e9cessit\u00e9 de maintenance.<\/span><\/p>\n<p><span>En cas de modification, interruption ou suspension des services le site\u00a0<a href=\"https:\/\/yogacandrasurya.fr\/\" target=\"_blank\" data-saferedirecturl=\"https:\/\/www.google.com\/url?q=https:\/\/yogacandrasurya.fr\/&amp;source=gmail&amp;ust=1744353149634000&amp;usg=AOvVaw22PAPcbxSlFdjzO3LKycw3\" rel=\"noopener\">https:\/\/yogacandrasurya.fr\/<\/a><\/span><span>ne saurait \u00eatre tenu responsable.<\/span><\/p>\n<h3><span>ARTICLE 4 : GESTION DES DONN\u00c9ES PERSONNELLES<\/span><\/h3>\n<p><span>En France, les donn\u00e9es personnelles sont notamment prot\u00e9g\u00e9es par la loi n\u00b0 78-87 du 6 janvier 1978, la loi n\u00b0 2004-801 du 6 ao\u00fbt 2004, l\u2019article L. 226-13 du Code p\u00e9nal et la Directive Europ\u00e9enne du 24 octobre 1995.<\/span><\/p>\n<p><span>A l\u2019occasion de l\u2019utilisation du site<a href=\"https:\/\/yogacandrasurya.fr\/\" target=\"_blank\" data-saferedirecturl=\"https:\/\/www.google.com\/url?q=https:\/\/yogacandrasurya.fr\/&amp;source=gmail&amp;ust=1744353149634000&amp;usg=AOvVaw22PAPcbxSlFdjzO3LKycw3\" rel=\"noopener\">https:\/\/yogacandrasurya.fr\/<\/a><\/span><a href=\"http:\/\/www.design-onthemoon.com\/\" target=\"_blank\" data-saferedirecturl=\"https:\/\/www.google.com\/url?q=http:\/\/www.design-onthemoon.com\/&amp;source=gmail&amp;ust=1744353149634000&amp;usg=AOvVaw3UvWhJjByfPB4LiK8OBMEX\" rel=\"noopener\"><span>,<\/span><\/a><span>peuvent \u00eatres recueillies : l\u2019URL des liens par l\u2019interm\u00e9diaire desquels l\u2019utilisateur a acc\u00e9d\u00e9 au site\u00a0<a href=\"https:\/\/yogacandrasurya.fr\/\" target=\"_blank\" data-saferedirecturl=\"https:\/\/www.google.com\/url?q=https:\/\/yogacandrasurya.fr\/&amp;source=gmail&amp;ust=1744353149634000&amp;usg=AOvVaw22PAPcbxSlFdjzO3LKycw3\" rel=\"noopener\">https:\/\/yogacandrasurya.<wbr \/>fr\/<\/a><\/span><span>\u00a0fournisseur d\u2019acc\u00e8s de l\u2019utilisateur, l\u2019adresse de protocole Internet (IP) de l\u2019utilisateur.<\/span><\/p>\n<p><span>En tout \u00e9tat de causehttps:\/\/<a href=\"https:\/\/yogacandrasurya.fr\/\" target=\"_blank\" data-saferedirecturl=\"https:\/\/www.google.com\/url?q=https:\/\/yogacandrasurya.fr\/&amp;source=gmail&amp;ust=1744353149634000&amp;usg=AOvVaw2NhHW1yoEafcF3dYPQnphQ\" rel=\"noopener\">yogacandrasurya.<wbr \/>fr\/<\/a><\/span><span>\u00a0ne collecte des informations personnelles relatives \u00e0 l\u2019utilisateur que pour le besoin de certains services propos\u00e9s par le site\u00a0<a href=\"https:\/\/yogacandrasurya.fr\/\" target=\"_blank\" data-saferedirecturl=\"https:\/\/www.google.com\/url?q=https:\/\/yogacandrasurya.fr\/&amp;source=gmail&amp;ust=1744353149634000&amp;usg=AOvVaw22PAPcbxSlFdjzO3LKycw3\" rel=\"noopener\">https:\/\/yogacandrasurya.fr\/<\/a><\/span><a href=\"http:\/\/www.design-onthemoon.com\/\" target=\"_blank\" data-saferedirecturl=\"https:\/\/www.google.com\/url?q=http:\/\/www.design-onthemoon.com\/&amp;source=gmail&amp;ust=1744353149634000&amp;usg=AOvVaw3UvWhJjByfPB4LiK8OBMEX\" rel=\"noopener\"><span>.<\/span><\/a><span>L\u2019utilisateur fournit ces informations en toute connaissance de cause, notamment lorsqu\u2019il proc\u00e8de par lui-m\u00eame \u00e0 leur saisie. Il est alors pr\u00e9cis\u00e9 \u00e0 l\u2019utilisateur du site<a href=\"https:\/\/yogacandrasurya.fr\/\" target=\"_blank\" data-saferedirecturl=\"https:\/\/www.google.com\/url?q=https:\/\/yogacandrasurya.fr\/&amp;source=gmail&amp;ust=1744353149634000&amp;usg=AOvVaw22PAPcbxSlFdjzO3LKycw3\" rel=\"noopener\">https:\/\/yogacandrasurya.fr\/<\/a><\/span><span>l\u2019<wbr \/>obligation ou non de fournir ces informations.<\/span><\/p>\n<p><span>Conform\u00e9ment aux dispositions des articles 38 et suivants de la loi 78-17 du 6 janvier 1978 relative \u00e0 l\u2019informatique, aux fichiers et aux libert\u00e9s, tout utilisateur dispose d\u2019un droit d\u2019acc\u00e8s, de rectification et d\u2019opposition aux donn\u00e9es personnelles le concernant, en effectuant sa demande \u00e9crite et sign\u00e9e, accompagn\u00e9e d\u2019une copie du titre d\u2019identit\u00e9 avec signature du titulaire de la pi\u00e8ce, en pr\u00e9cisant l\u2019adresse \u00e0 laquelle la r\u00e9ponse doit \u00eatre envoy\u00e9e.<\/span><\/p>\n<p><span>Aucune information personnelle de l\u2019utilisateur du site<a href=\"https:\/\/yogacandrasurya.fr\/\" target=\"_blank\" data-saferedirecturl=\"https:\/\/www.google.com\/url?q=https:\/\/yogacandrasurya.fr\/&amp;source=gmail&amp;ust=1744353149634000&amp;usg=AOvVaw22PAPcbxSlFdjzO3LKycw3\" rel=\"noopener\">https:\/\/yogacandrasurya.<wbr \/>fr\/<\/a><\/span><span>,<\/span><span>n\u2019est publi\u00e9e \u00e0 l\u2019insu de l\u2019utilisateur, \u00e9chang\u00e9e, transf\u00e9r\u00e9e, c\u00e9d\u00e9e ou vendue sur un support quelconque \u00e0 des tiers. Seule l\u2019hypoth\u00e8se du rachat de<a href=\"https:\/\/yogacandrasurya.fr\/\" target=\"_blank\" data-saferedirecturl=\"https:\/\/www.google.com\/url?q=https:\/\/yogacandrasurya.fr\/&amp;source=gmail&amp;ust=1744353149634000&amp;usg=AOvVaw22PAPcbxSlFdjzO3LKycw3\" rel=\"noopener\">https:\/\/yogacandrasurya.fr\/<\/a><\/span><span><wbr \/>et de ses droits permettrait la transmission des dites informations \u00e0 l\u2019\u00e9ventuel acqu\u00e9reur qui serait \u00e0 son tour tenu de la m\u00eame obligation de conservation et de modification des donn\u00e9es vis \u00e0 vis de l\u2019utilisateur du site<a href=\"https:\/\/yogacandrasurya.fr\/\" target=\"_blank\" data-saferedirecturl=\"https:\/\/www.google.com\/url?q=https:\/\/yogacandrasurya.fr\/&amp;source=gmail&amp;ust=1744353149634000&amp;usg=AOvVaw22PAPcbxSlFdjzO3LKycw3\" rel=\"noopener\">https:\/\/yogacandrasurya.fr\/<\/a><\/span><\/p>\n<p><span>Les bases de donn\u00e9es sont prot\u00e9g\u00e9es par les dispositions de la loi du 1er juillet 1998 transposant la directive 96\/9 du 11 mars 1996 relative \u00e0 la protection juridique des bases de donn\u00e9es.<\/span><\/p>\n<h3><span>ARTICLE 5 : COOKIES<\/span><\/h3>\n<p><span>L\u2019Utilisateur est inform\u00e9 que lors de ses visites sur le site, un cookie peut s\u2019installer automatiquement sur son logiciel de navigation.<\/span><\/p>\n<p><span>En naviguant sur le site, il les accepte.<\/span><\/p>\n<p><span>Un cookie est un \u00e9l\u00e9ment qui ne permet pas d\u2019identifier l\u2019Utilisateur mais sert \u00e0 enregistrer des informations relatives \u00e0 la navigation de celui-ci sur le site Internet. L\u2019Utilisateur pourra d\u00e9sactiver ce cookie par l\u2019interm\u00e9diaire des param\u00e8tres figurant au sein de son logiciel de navigation.<\/span><\/p>\n<p><span>Le refus d\u2019installation d\u2019un cookie peut entra\u00eener l\u2019impossibilit\u00e9 d\u2019acc\u00e9der \u00e0 certains services. L\u2019utilisateur peut toutefois configurer son ordinateur de la mani\u00e8re suivante, pour refuser l\u2019installation des cookies :<\/span><\/p>\n<p><span>Sous Internet Explorer : onglet outil (pictogramme en forme de rouage en haut a droite) \/ options internet. Cliquez sur Confidentialit\u00e9 et choisissez Bloquer tous les cookies. Validez sur Ok.<\/span><\/p>\n<p><span>Sous Firefox : en haut de la fen\u00eatre du navigateur, cliquez sur le bouton Firefox, puis aller dans l\u2019onglet Options. Cliquer sur l\u2019onglet Vie priv\u00e9e.<\/span><\/p>\n<p><span>Param\u00e9trez les R\u00e8gles de conservation sur : utiliser les param\u00e8tres personnalis\u00e9s pour l\u2019historique. Enfin d\u00e9cochez-la pour d\u00e9sactiver les cookies.<\/span><\/p>\n<p><span>Sous Safari : Cliquez en haut \u00e0 droite du navigateur sur le pictogramme de menu (symbolis\u00e9 par un rouage). S\u00e9lectionnez Param\u00e8tres. Cliquez sur Afficher les param\u00e8tres avanc\u00e9s. Dans la section \u201cConfidentialit\u00e9\u201d, cliquez sur Param\u00e8tres de contenu. Dans la section \u201cCookies\u201d, vous pouvez bloquer les cookies.<\/span><\/p>\n<p><span>Sous Chrome : Cliquez en haut \u00e0 droite du navigateur sur le pictogramme de menu (symbolis\u00e9 par trois lignes horizontales). S\u00e9lectionnez Param\u00e8tres. Cliquez sur Afficher les param\u00e8tres avanc\u00e9s. Dans la section \u201cConfidentialit\u00e9\u201d, cliquez sur pr\u00e9f\u00e9rences. Dans l&#8217;onglet Confidentialit\u00e9, vous pouvez bloquer les cookies.<\/span><\/p>\n<p><span><\/span><\/p>\n<h3><span>ARTICLE 6 : PROPRI\u00c9T\u00c9 INTELLECTUELLE<\/span><\/h3>\n<\/div>\n<\/div>\n<\/div>\n<\/div>\n<div dir=\"ltr\">\n<div>\n<div dir=\"ltr\">\n<div>\n<p><span>Toute utilisation, reproduction, diffusion, commercialisation, modification de toute ou partie du site<a href=\"https:\/\/yogacandrasurya.fr\/\" target=\"_blank\" data-saferedirecturl=\"https:\/\/www.google.com\/url?q=https:\/\/yogacandrasurya.fr\/&amp;source=gmail&amp;ust=1744353149634000&amp;usg=AOvVaw22PAPcbxSlFdjzO3LKycw3\" rel=\"noopener\">https:\/\/yogacandrasurya.<wbr \/>fr\/<\/a>\u00a0<\/span><span>\u00a0sans autorisation de l&#8217;\u00c9diteur est prohib\u00e9e et pourra entra\u00eener des actions et poursuites judiciaires telles que notamment pr\u00e9vues par le Code de la propri\u00e9t\u00e9 intellectuelle et le Code civil.<\/span><\/p>\n<\/div>\n<\/div>\n<\/div>\n<\/div>\n<p>[\/et_pb_text][\/et_pb_column][\/et_pb_row][\/et_pb_section][et_pb_section fb_built=&#8221;1&#8243; admin_label=&#8221;Contact Form Section&#8221; module_id=&#8221;contact&#8221; _builder_version=&#8221;4.27.4&#8243; _module_preset=&#8221;default&#8221; background_enable_color=&#8221;off&#8221; use_background_color_gradient=&#8221;on&#8221; background_color_gradient_stops=&#8221;gcid-412d5c5b-b8ec-4e4b-b1ed-9493919d53f0 0%|gcid-2963d786-94cf-4d14-869e-4d204a892ef6 100%&#8221; custom_padding=&#8221;6px||6px||false|false&#8221; animation_style=&#8221;zoom&#8221; animation_direction=&#8221;bottom&#8221; animation_intensity_zoom=&#8221;10%&#8221; da_popup_slug=&#8221;contact&#8221; da_disable_devices=&#8221;off|off|off&#8221; saved_tabs=&#8221;all&#8221; global_colors_info=&#8221;{%22gcid-412d5c5b-b8ec-4e4b-b1ed-9493919d53f0%22:%91%22background_color_gradient_stops%22%93,%22gcid-2963d786-94cf-4d14-869e-4d204a892ef6%22:%91%22background_color_gradient_stops%22%93}&#8221; da_is_popup=&#8221;off&#8221; da_exit_intent=&#8221;off&#8221; da_has_close=&#8221;on&#8221; da_alt_close=&#8221;off&#8221; da_dark_close=&#8221;off&#8221; da_not_modal=&#8221;on&#8221; da_is_singular=&#8221;off&#8221; da_with_loader=&#8221;off&#8221; da_has_shadow=&#8221;on&#8221;][et_pb_row admin_label=&#8221;Contact Form&#8221; _builder_version=&#8221;4.16&#8243; _module_preset=&#8221;default&#8221; animation_style=&#8221;fade&#8221; global_colors_info=&#8221;{}&#8221;][et_pb_column type=&#8221;4_4&#8243; _builder_version=&#8221;4.16&#8243; _module_preset=&#8221;default&#8221; custom_padding=&#8221;|||&#8221; global_colors_info=&#8221;{}&#8221; custom_padding__hover=&#8221;|||&#8221;][et_pb_text _builder_version=&#8221;4.27.4&#8243; _module_preset=&#8221;94b6874f-66b5-4751-a3b5-da1a841970fe&#8221; text_text_color=&#8221;gcid-35598f06-2cb5-4dc8-900c-6abb911ec4ef&#8221; header_4_font=&#8221;Inter|600||on|||||&#8221; header_4_font_size=&#8221;12px&#8221; header_4_letter_spacing=&#8221;0.5em&#8221; header_4_line_height=&#8221;1.4em&#8221; custom_margin=&#8221;0px||0px||true|false&#8221; hover_enabled=&#8221;0&#8243; global_colors_info=&#8221;{%22gcid-35598f06-2cb5-4dc8-900c-6abb911ec4ef%22:%91%22text_text_color%22%93}&#8221; sticky_enabled=&#8221;0&#8243;]<\/p>\n<p style=\"text-align: center;\"><span style=\"color: #ffffff;\">\u00a9 2025 Lucile G\u00e9hin \u2013 <a href=\"https:\/\/yogacandrasurya.fr\/index.php\/mentions-legales\/\" style=\"color: #ffffff;\">Mentions l\u00e9gales<\/a> \u2013 <a href=\"https:\/\/yogacandrasurya.fr\/index.php\/conditions-generales-de-ventes\/\" style=\"color: #ffffff;\">CGV<\/a> \u2013 Site r\u00e9alis\u00e9 avec amour par La Sorci\u00e8re Graphique<\/span><\/p>\n<p>[\/et_pb_text][\/et_pb_column][\/et_pb_row][\/et_pb_section]<\/p>\n","protected":false},"excerpt":{"rendered":"<p>Mentions l\u00e9gales Conform\u00e9ment aux dispositions des Articles 6-III et 19 de la Loi n\u00b02004-575 du 21 juin 2004 pour la [&hellip;]<\/p>\n","protected":false},"author":1,"featured_media":0,"parent":0,"menu_order":0,"comment_status":"closed","ping_status":"closed","template":"page-template-blank.php","meta":{"_et_pb_use_builder":"on","_et_pb_old_content":"","_et_gb_content_width":"","_monsterinsights_skip_tracking":false,"_monsterinsights_sitenote_active":false,"_monsterinsights_sitenote_note":"","_monsterinsights_sitenote_category":0,"two_page_speed":[],"footnotes":""},"class_list":["post-2020","page","type-page","status-publish","hentry"],"aioseo_notices":[],"_links":{"self":[{"href":"https:\/\/yogacandrasurya.fr\/index.php\/wp-json\/wp\/v2\/pages\/2020","targetHints":{"allow":["GET"]}}],"collection":[{"href":"https:\/\/yogacandrasurya.fr\/index.php\/wp-json\/wp\/v2\/pages"}],"about":[{"href":"https:\/\/yogacandrasurya.fr\/index.php\/wp-json\/wp\/v2\/types\/page"}],"author":[{"embeddable":true,"href":"https:\/\/yogacandrasurya.fr\/index.php\/wp-json\/wp\/v2\/users\/1"}],"replies":[{"embeddable":true,"href":"https:\/\/yogacandrasurya.fr\/index.php\/wp-json\/wp\/v2\/comments?post=2020"}],"version-history":[{"count":5,"href":"https:\/\/yogacandrasurya.fr\/index.php\/wp-json\/wp\/v2\/pages\/2020\/revisions"}],"predecessor-version":[{"id":2041,"href":"https:\/\/yogacandrasurya.fr\/index.php\/wp-json\/wp\/v2\/pages\/2020\/revisions\/2041"}],"wp:attachment":[{"href":"https:\/\/yogacandrasurya.fr\/index.php\/wp-json\/wp\/v2\/media?parent=2020"}],"curies":[{"name":"wp","href":"https:\/\/api.w.org\/{rel}","templated":true}]}}