{"id":143,"date":"2019-08-05T19:02:00","date_gmt":"2019-08-05T18:02:00","guid":{"rendered":"http:\/\/yogacandrasurya.fr\/?page_id=143"},"modified":"2025-04-13T09:28:18","modified_gmt":"2025-04-13T08:28:18","slug":"coaching-liberte-soi-mouvement","status":"publish","type":"page","link":"https:\/\/yogacandrasurya.fr\/index.php\/coaching-liberte-soi-mouvement\/","title":{"rendered":"Yoga et m\u00e9ditation, retrouvez en 3 mois mobilit\u00e9, \u00e9quilibre et \u00e9nergie"},"content":{"rendered":"\r\n<h2 class=\"wp-block-heading\">\u00a0<\/h2>\r\n<h2 class=\"wp-block-heading has-text-align-center has-text-color\" style=\"color: #dd9933;\"><strong><span style=\"color: #ff6600;\">Yoga, m\u00e9ditation et coaching, une synergie puissante, c&#8217;est \u00e0 Auch.<\/span><\/strong><\/h2>\r\n<h2 class=\"wp-block-heading has-text-align-center has-text-color\" style=\"color: #dd9933;\"><strong><span style=\"color: #ff6600;\">\u00a0Coaching \u00e9nerg\u00e9tique, pratique du yoga et m\u00e9ditation \u00e0 Auch .<\/span><\/strong><\/h2>\r\n<div id=\"attachment_1680\" style=\"width: 1210px\" class=\"wp-caption aligncenter\"><img loading=\"lazy\" decoding=\"async\" aria-describedby=\"caption-attachment-1680\" class=\"wp-image-1680 size-full\" src=\"https:\/\/yogacandrasurya.fr\/wp-content\/uploads\/2024\/08\/photo-yoga.webp\" alt=\"Coaching s\u00e9ance, cours, posture de yoga, m\u00e9ditation, Auch\" width=\"1200\" height=\"800\" srcset=\"https:\/\/yogacandrasurya.fr\/wp-content\/uploads\/2024\/08\/photo-yoga.webp 1200w, https:\/\/yogacandrasurya.fr\/wp-content\/uploads\/2024\/08\/photo-yoga-300x200.webp 300w, https:\/\/yogacandrasurya.fr\/wp-content\/uploads\/2024\/08\/photo-yoga-1024x683.webp 1024w, https:\/\/yogacandrasurya.fr\/wp-content\/uploads\/2024\/08\/photo-yoga-768x512.webp 768w, https:\/\/yogacandrasurya.fr\/wp-content\/uploads\/2024\/08\/photo-yoga-1000x667.webp 1000w, https:\/\/yogacandrasurya.fr\/wp-content\/uploads\/2024\/08\/photo-yoga-230x153.webp 230w, https:\/\/yogacandrasurya.fr\/wp-content\/uploads\/2024\/08\/photo-yoga-350x233.webp 350w, https:\/\/yogacandrasurya.fr\/wp-content\/uploads\/2024\/08\/photo-yoga-480x320.webp 480w\" sizes=\"(max-width: 1200px) 100vw, 1200px\" \/><p id=\"caption-attachment-1680\" class=\"wp-caption-text\"><span style=\"color: #ff6600;\">Coaching, r\u00e9aligner votre corps<\/span><\/p><\/div>\r\n<h2 class=\"wp-block-heading has-text-align-center has-text-color\" style=\"color: #dd9933;\"><strong><span style=\"color: #ff6600;\">(re)trouver l\u2019harmonie dans votre \u00catre !<\/span><\/strong><\/h2>\r\n\r\n\r\n\r\n<div class=\"wp-block-group is-vertical is-layout-flex wp-container-core-group-is-layout-76a81b31 wp-block-group-is-layout-flex\">\r\n<h3 class=\"wp-block-heading has-medium-font-size\"><span style=\"color: #0000ff;\"><strong>Offrez(-vous) un moment privil\u00e9gi\u00e9, avec un cours de yoga et m\u00e9ditation individuel !<\/strong><\/span><\/h3>\r\n<span style=\"color: #0000ff;\">\r\n\r\n<\/span>\r\n<h4 class=\"wp-block-heading\" style=\"font-size: 16px;\"><span style=\"color: #0000ff;\">Comment \u00e7a se passe ?<\/span><\/h4>\r\n<span style=\"color: #0000ff;\">\r\n\r\n<\/span>\r\n<ul class=\"wp-block-list\">\r\n<li style=\"font-size: 16px;\"><span style=\"color: #0000ff;\">Nous faisons un entretien au pr\u00e9alable ensemble, afin <strong>d<\/strong>\u2019<strong>\u00e9valuer vos probl\u00e9matiques, soit en distanciel ou en pr\u00e9sentiel.<\/strong><\/span><\/li>\r\n\r\n\r\n\r\n<li style=\"font-size: 16px;\"><span style=\"color: #0000ff;\">Nous trouvons des solutions, en adaptant des postures et respirations.<\/span><br \/><span style=\"color: #0000ff;\">Pour vous permettre<strong> d\u2019am\u00e9liorer les troubles physiques, organiques, nerveux et sanguins et trouver l\u2019espace dans les articulations<\/strong>.<\/span><\/li>\r\n<\/ul>\r\n<span style=\"color: #0000ff;\">\r\n\r\n<\/span>\r\n<h3 class=\"wp-block-heading has-medium-font-size\"><span style=\"color: #0000ff;\"><strong>Coaching individuel, magn\u00e9tisme et m\u00e9ditation hypnotique<\/strong><\/span><\/h3>\r\n<span style=\"color: #0000ff;\">\r\n\r\n<\/span>\r\n<p><span style=\"color: #0000ff;\">Que diriez vous <strong>d&#8217;amener du changement<\/strong> \u00e0 votre corps physique, \u00e9motionnel et mental, <strong>et de transcender votre vie<\/strong> ?<\/span><\/p>\r\n<span style=\"color: #0000ff;\">\r\n\r\n<\/span>\r\n<ul class=\"wp-block-list\">\r\n<li style=\"font-size: 16px;\"><span style=\"color: #0000ff;\">On \u00e9tudie la <strong>posture et l\u2019alignement de votre corps<\/strong> physique.<\/span><\/li>\r\n\r\n\r\n\r\n<li style=\"font-size: 16px;\"><span style=\"color: #0000ff;\">Trouvez la paix des \u00e9motions, en \u00e9vacuant le stress de vos pens\u00e9es, gr\u00e2ce au pouvoir de votre attention. Et transcendez votre \u00e9nergie en <strong>\u00e9motions positives<\/strong>.<\/span><\/li>\r\n<\/ul>\r\n<span style=\"color: #0000ff;\">\r\n\r\n<\/span>\r\n<p><span style=\"color: #0000ff;\">Les m\u00e9ditations sont inspir\u00e9es par la pratique de <strong>Joe Dispenza<\/strong> (dipl\u00f4m\u00e9 en neuroscience, biologie cellulaire) et du <strong>Dr Jacques Vigne<\/strong> (m\u00e9decin psychiatre).<\/span><br \/><span style=\"color: #0000ff;\">Tous deux sont connus comme chercheurs du <strong>bonheur.<\/strong><\/span><\/p>\r\n<p><span style=\"color: #0000ff;\"><strong style=\"font-size: 1.125rem;\">Tarifs en pr\u00e9sentiel\u00a0 et en distanciel.<\/strong><\/span><\/p>\r\n<p><span style=\"font-weight: 800; color: #0000ff;\">Accompagnement :<\/span><\/p>\r\n<\/div>\r\n<p><span style=\"color: #0000ff;\">\r\n\r\n<\/span><\/p>\r\n<div class=\"wp-block-group is-vertical is-layout-flex wp-container-core-group-is-layout-76a81b31 wp-block-group-is-layout-flex\"><span style=\"color: #0000ff;\"><\/span>\r\n<ul class=\"wp-block-list\">\r\n<li style=\"font-size: 16px;\"><span style=\"color: #0000ff;\">1 s\u00e9ances : 35 \u20ac<\/span><\/li>\r\n\r\n\r\n\r\n<li style=\"font-size: 16px;\"><span style=\"color: #0000ff;\">12 s\u00e9ances ( pendant 3 mois) : 295 \u20ac<\/span><\/li>\r\n\r\n\r\n<\/ul>\r\n<span style=\"color: #0000ff;\"><\/span><\/div>\r\n<p><span style=\"color: #0000ff;\">\r\n\r\n<\/span><\/p>\r\n<p>&nbsp;<\/p>\r\n<p><span style=\"color: #0000ff;\">\r\n\r\n<\/span><\/p>\r\n<div class=\"wp-block-group is-vertical is-content-justification-center is-layout-flex wp-container-core-group-is-layout-48c2c4f0 wp-block-group-is-layout-flex\"><span style=\"color: #0000ff;\"><\/span>\r\n<div class=\"wp-block-buttons is-layout-flex wp-block-buttons-is-layout-flex\"><span style=\"color: #0000ff;\"><\/span>\r\n<div class=\"wp-block-button\"><span style=\"color: #0000ff;\"><a class=\"wp-block-button__link wp-element-button\" style=\"color: #0000ff;\" href=\"https:\/\/yogacandrasurya.fr\/index.php\/contact\/\">Pour me contacter<\/a><\/span><\/div>\r\n<div><span style=\"color: #0000ff;\"><a style=\"color: #0000ff;\" href=\"https:\/\/yogacandrasurya.fr\/index.php\/contact\/\">\n<div class=\"wpcf7 no-js\" id=\"wpcf7-f1819-o1\" lang=\"fr-FR\" dir=\"ltr\" data-wpcf7-id=\"1819\">\n<div class=\"screen-reader-response\"><p role=\"status\" aria-live=\"polite\" aria-atomic=\"true\"><\/p> <ul><\/ul><\/div>\n<form action=\"\/index.php\/wp-json\/wp\/v2\/pages\/143#wpcf7-f1819-o1\" method=\"post\" class=\"wpcf7-form init\" aria-label=\"Formulaire de contact\" novalidate=\"novalidate\" data-status=\"init\">\n<fieldset class=\"hidden-fields-container\"><input type=\"hidden\" name=\"_wpcf7\" value=\"1819\" \/><input type=\"hidden\" name=\"_wpcf7_version\" value=\"6.1.5\" \/><input type=\"hidden\" name=\"_wpcf7_locale\" value=\"fr_FR\" \/><input type=\"hidden\" name=\"_wpcf7_unit_tag\" value=\"wpcf7-f1819-o1\" \/><input type=\"hidden\" name=\"_wpcf7_container_post\" value=\"0\" \/><input type=\"hidden\" name=\"_wpcf7_posted_data_hash\" value=\"\" \/>\n<\/fieldset>\n<p><label> Votre nom<br \/>\n<span class=\"wpcf7-form-control-wrap\" data-name=\"your-name\"><input size=\"40\" maxlength=\"400\" class=\"wpcf7-form-control wpcf7-text wpcf7-validates-as-required\" autocomplete=\"name\" aria-required=\"true\" aria-invalid=\"false\" value=\"\" type=\"text\" name=\"your-name\" \/><\/span> <\/label>\n<\/p>\n<p><label> Votre e-mail<br \/>\n<span class=\"wpcf7-form-control-wrap\" data-name=\"your-email\"><input size=\"40\" maxlength=\"400\" class=\"wpcf7-form-control wpcf7-email wpcf7-validates-as-required wpcf7-text wpcf7-validates-as-email\" autocomplete=\"email\" aria-required=\"true\" aria-invalid=\"false\" value=\"\" type=\"email\" name=\"your-email\" \/><\/span> <\/label>\n<\/p>\n<p><label> Objet<br \/>\n<span class=\"wpcf7-form-control-wrap\" data-name=\"your-subject\"><input size=\"40\" maxlength=\"400\" class=\"wpcf7-form-control wpcf7-text wpcf7-validates-as-required\" aria-required=\"true\" aria-invalid=\"false\" value=\"\" type=\"text\" name=\"your-subject\" \/><\/span> <\/label>\n<\/p>\n<p><label> Votre message (facultatif)<br \/>\n<span class=\"wpcf7-form-control-wrap\" data-name=\"your-message\"><textarea cols=\"40\" rows=\"10\" maxlength=\"2000\" class=\"wpcf7-form-control wpcf7-textarea\" aria-invalid=\"false\" name=\"your-message\"><\/textarea><\/span> <\/label>\n<\/p>\n<p><input class=\"wpcf7-form-control wpcf7-submit has-spinner\" type=\"submit\" value=\"Envoyer\" \/>\n<\/p><div class=\"wpcf7-response-output\" aria-hidden=\"true\"><\/div>\n<\/form>\n<\/div>\n<\/a><\/span><\/div>\r\n<span style=\"color: #0000ff;\"><\/span><\/div>\r\n<span style=\"color: #0000ff;\">\r\n\r\n<\/span>\r\n<p class=\"has-text-align-center has-vivid-red-color has-text-color\">\u00a0<\/p>\r\n<\/div>\r\n\r\n\r\n<hr class=\"wp-block-separator has-alpha-channel-opacity\" \/>\r\n\r\n\r\n<p>&nbsp;<\/p>\r\n\r\n\r\n\r\n<div class=\"wp-block-buttons is-content-justification-center is-layout-flex wp-container-core-buttons-is-layout-16018d1d wp-block-buttons-is-layout-flex\">\r\n<div class=\"wp-block-button\"><a class=\"wp-block-button__link wp-element-button\" href=\"https:\/\/yogacandrasurya.fr\/index.php\/contact\/\">Pour me contacter<\/a><\/div>\r\n<\/div>\r\n\r\n\r\n\r\n<figure class=\"wp-block-image aligncenter size-large is-resized\">\r\n<p><img loading=\"lazy\" decoding=\"async\" class=\"aligncenter wp-image-1680 size-full\" style=\"width: 531px; height: 353px;\" src=\"https:\/\/yogacandrasurya.fr\/wp-content\/uploads\/2024\/08\/photo-yoga.webp\" alt=\"\" width=\"1200\" height=\"800\" srcset=\"https:\/\/yogacandrasurya.fr\/wp-content\/uploads\/2024\/08\/photo-yoga.webp 1200w, https:\/\/yogacandrasurya.fr\/wp-content\/uploads\/2024\/08\/photo-yoga-300x200.webp 300w, https:\/\/yogacandrasurya.fr\/wp-content\/uploads\/2024\/08\/photo-yoga-1024x683.webp 1024w, https:\/\/yogacandrasurya.fr\/wp-content\/uploads\/2024\/08\/photo-yoga-768x512.webp 768w, https:\/\/yogacandrasurya.fr\/wp-content\/uploads\/2024\/08\/photo-yoga-1000x667.webp 1000w, https:\/\/yogacandrasurya.fr\/wp-content\/uploads\/2024\/08\/photo-yoga-230x153.webp 230w, https:\/\/yogacandrasurya.fr\/wp-content\/uploads\/2024\/08\/photo-yoga-350x233.webp 350w, https:\/\/yogacandrasurya.fr\/wp-content\/uploads\/2024\/08\/photo-yoga-480x320.webp 480w\" sizes=\"(max-width: 1200px) 100vw, 1200px\" \/><\/p>\r\n<\/figure>\r\n","protected":false},"excerpt":{"rendered":"<p>\u00a0 Yoga, m\u00e9ditation et coaching, une synergie puissante, c&#8217;est \u00e0 Auch. \u00a0Coaching \u00e9nerg\u00e9tique, pratique du yoga et m\u00e9ditation \u00e0 Auch [&hellip;]<\/p>\n","protected":false},"author":1,"featured_media":258,"parent":0,"menu_order":0,"comment_status":"closed","ping_status":"closed","template":"","meta":{"_et_pb_use_builder":"","_et_pb_old_content":"","_et_gb_content_width":"","_monsterinsights_skip_tracking":false,"_monsterinsights_sitenote_active":false,"_monsterinsights_sitenote_note":"","_monsterinsights_sitenote_category":0,"two_page_speed":[],"footnotes":""},"class_list":["post-143","page","type-page","status-publish","has-post-thumbnail","hentry"],"aioseo_notices":[],"_links":{"self":[{"href":"https:\/\/yogacandrasurya.fr\/index.php\/wp-json\/wp\/v2\/pages\/143","targetHints":{"allow":["GET"]}}],"collection":[{"href":"https:\/\/yogacandrasurya.fr\/index.php\/wp-json\/wp\/v2\/pages"}],"about":[{"href":"https:\/\/yogacandrasurya.fr\/index.php\/wp-json\/wp\/v2\/types\/page"}],"author":[{"embeddable":true,"href":"https:\/\/yogacandrasurya.fr\/index.php\/wp-json\/wp\/v2\/users\/1"}],"replies":[{"embeddable":true,"href":"https:\/\/yogacandrasurya.fr\/index.php\/wp-json\/wp\/v2\/comments?post=143"}],"version-history":[{"count":130,"href":"https:\/\/yogacandrasurya.fr\/index.php\/wp-json\/wp\/v2\/pages\/143\/revisions"}],"predecessor-version":[{"id":2084,"href":"https:\/\/yogacandrasurya.fr\/index.php\/wp-json\/wp\/v2\/pages\/143\/revisions\/2084"}],"wp:featuredmedia":[{"embeddable":true,"href":"https:\/\/yogacandrasurya.fr\/index.php\/wp-json\/wp\/v2\/media\/258"}],"wp:attachment":[{"href":"https:\/\/yogacandrasurya.fr\/index.php\/wp-json\/wp\/v2\/media?parent=143"}],"curies":[{"name":"wp","href":"https:\/\/api.w.org\/{rel}","templated":true}]}}