{"id":1153,"date":"2023-08-08T08:55:43","date_gmt":"2023-08-08T07:55:43","guid":{"rendered":"http:\/\/yogacandrasurya.fr\/?page_id=1153"},"modified":"2025-04-17T16:00:08","modified_gmt":"2025-04-17T15:00:08","slug":"accompagnement-energetique","status":"publish","type":"page","link":"https:\/\/yogacandrasurya.fr\/index.php\/accompagnement-energetique\/","title":{"rendered":"Praticienne \u00e9nerg\u00e9tique quantique \u00e0 Auch (Gers) en pr\u00e9sentiel et en distanciel France"},"content":{"rendered":"\r\n<div id=\"attachment_1230\" style=\"width: 1930px\" class=\"wp-caption alignnone\"><img loading=\"lazy\" decoding=\"async\" aria-describedby=\"caption-attachment-1230\" class=\"wp-image-1230\" style=\"width: 510px;\" src=\"https:\/\/yogacandrasurya.fr\/wp-content\/uploads\/2024\/02\/Image-cantique.jpg\" alt=\"Eclaireuse, praticienne de conscience, \u00e9nerg\u00e9ticienne, \u00e0 Auch (Gers) France\" width=\"1920\" height=\"992\" srcset=\"https:\/\/yogacandrasurya.fr\/wp-content\/uploads\/2024\/02\/Image-cantique.jpg 1920w, https:\/\/yogacandrasurya.fr\/wp-content\/uploads\/2024\/02\/Image-cantique-300x155.jpg 300w, https:\/\/yogacandrasurya.fr\/wp-content\/uploads\/2024\/02\/Image-cantique-1024x529.jpg 1024w, https:\/\/yogacandrasurya.fr\/wp-content\/uploads\/2024\/02\/Image-cantique-768x397.jpg 768w, https:\/\/yogacandrasurya.fr\/wp-content\/uploads\/2024\/02\/Image-cantique-1536x794.jpg 1536w, https:\/\/yogacandrasurya.fr\/wp-content\/uploads\/2024\/02\/Image-cantique-1000x517.jpg 1000w, https:\/\/yogacandrasurya.fr\/wp-content\/uploads\/2024\/02\/Image-cantique-230x119.jpg 230w, https:\/\/yogacandrasurya.fr\/wp-content\/uploads\/2024\/02\/Image-cantique-350x181.jpg 350w, https:\/\/yogacandrasurya.fr\/wp-content\/uploads\/2024\/02\/Image-cantique-480x248.jpg 480w, https:\/\/yogacandrasurya.fr\/wp-content\/uploads\/2024\/02\/Image-cantique-1320x682.jpg 1320w\" sizes=\"(max-width: 1920px) 100vw, 1920px\" \/><p id=\"caption-attachment-1230\" class=\"wp-caption-text\"><strong><span style=\"color: #ff9900;\">Eclaireuse de conscience, \u00e9nerg\u00e9ticienne, \u00e0 Auch (Gers) France<\/span><\/strong><\/p><\/div>\r\n\r\n\r\n\r\n\r\n\r\n<p><strong><span style=\"color: #ff9900;\">Praticienne \u00e9nerg\u00e9tique quantique et \u00e9claireuse de conscience , je suis \u00e0 votre \u00e9coute et vous accompagne, pour retrouver votre alignement.<\/span><\/strong><\/p>\r\n\r\n\r\n\r\n<p><span style=\"color: #0000ff;\">Nous allons chercher l&#8217;information la plus juste pour vous, dans l&#8217;instant pr\u00e9sent.<\/span><br \/><span style=\"color: #0000ff;\">La s\u00e9ance est avant tout un \u00e9change conversationnel, pour d\u00e9finir la direction \u00e0 explorer sur les diff\u00e9rents th\u00e8mes de la vie&#8230;<\/span><br \/><span style=\"color: #0000ff;\">On trouve ensemble comment remettre du sens dans votre corps physique, \u00e9motionnel, mental et spirituel.<\/span><br \/><span style=\"color: #0000ff;\">Je vous aide \u00e0 naviguer \u00e0 travers votre monde int\u00e9rieur encore inconnu.<\/span><br \/><span style=\"color: #0000ff;\">On ajuste la vibration de la fr\u00e9quence de votre Essence : \u00e0 cette \u00e9tape vous comprendrez mieux vos r\u00e9sistances.<\/span><\/p>\r\n\r\n\r\n\r\n<h3 class=\"wp-block-heading has-medium-font-size\" style=\"text-align: left;\"><strong><span style=\"color: #ff9900;\"><mark class=\"has-inline-color has-luminous-vivid-orange-color\" style=\"background-color: rgba(0, 0, 0, 0);\"><span style=\"color: #ff9900;\">Quels bienfaits pouvez-vous attendre?\u00a0<\/span><\/mark><\/span><\/strong><\/h3>\r\n\r\n\r\n\r\n<p><span style=\"color: #0000ff;\">Vous pourrez remettre du calme dans votre vie, avec <strong>s\u00e9r\u00e9nit\u00e9, respect et estime de soi<\/strong>, pour les choix que vous prendrez.<\/span><br \/><span style=\"color: #0000ff;\">Les \u00e9motions pourront se r\u00e9guler, en les conscientisant quand elles surgissent. <strong>Les hormones li\u00e9es au stress vont donc baisser <\/strong><em>(angoisses, peurs, etc)<\/em>.<\/span><br \/><span style=\"color: #0000ff;\">Vous prendrez conscience des vieux programmes du pass\u00e9 et du pr\u00e9sent qui ne vous servent plus.<\/span><br \/><span style=\"color: #0000ff;\">Une nouvelle confiance en vous va vous permettre d&#8217;avancer sur votre chemin int\u00e9rieur. Vous comprendrez mieux votre famille, vos amiti\u00e9s, qui vous \u00eates vraiment. Cela vous permettra d&#8217;\u00eatre plus heureuses, bien dans votre travail, d&#8217;accepter un changement de vie&#8230;<\/span><\/p>\r\n\r\n\r\n\r\n<h3 class=\"wp-block-heading has-medium-font-size\"><span style=\"color: #ff9900;\"><mark class=\"has-inline-color has-luminous-vivid-orange-color\" style=\"background-color: rgba(0, 0, 0, 0);\"><strong><span style=\"color: #ff9900;\">J&#8217;utilise le magn\u00e9tisme, pour agir sur votre corps physique.<\/span><\/strong><\/mark><\/span><\/h3>\r\n\r\n\r\n\r\n<p><span style=\"color: #0000ff;\">Toujours en lien avec l&#8217;\u00e9nergie quantique, ici, je vous accompagne dans une <strong>d\u00e9tente du corps<\/strong>.<\/span><br \/><span style=\"color: #0000ff;\">J&#8217;interviens si cela est juste pour vous et dans le plus grand respect : pour lib\u00e9rer les tentions articulaires ou musculaires, maux de dos, probl\u00e8mes physiques li\u00e9s aux \u00e9motions (stress au travail, en famille, dans votre environnement social).<\/span><br \/><span style=\"color: #0000ff;\">Vous apprendrez \u00e0 rel\u00e2cher les tensions et gagner en l\u00e9g\u00e8ret\u00e9, gr\u00e2ce \u00e0 des postures de yoga, pour apaiser les douleurs physiques, br\u00fblures, allergies cutan\u00e9s&#8230;<\/span><\/p>\r\n<p><span style=\"color: #0000ff;\">\r\n\r\n<\/span><\/p>\r\n<p><span style=\"color: #0000ff;\">Les postures de yoga sont choisies pour r\u00e9tablir l&#8217;<strong>\u00e9quilibre du corps physique et mental<\/strong>.\u00a0 \u00a0 \u00a0 \u00a0 \u00a0 \u00a0 \u00a0 \u00a0 \u00a0 \u00a0 \u00a0 \u00a0 \u00a0 \u00a0 \u00a0 \u00a0 \u00a0 \u00a0 \u00a0 \u00a0 \u00a0 \u00a0 \u00a0 \u00a0 \u00a0 \u00a0 \u00a0 \u00a0 \u00a0 \u00a0 \u00a0 \u00a0 \u00a0 \u00a0 \u00a0 \u00a0 \u00a0 \u00a0 \u00a0 \u00a0 \u00a0 \u00a0 \u00a0 \u00a0 \u00a0 \u00a0 \u00a0 \u00a0 \u00a0 \u00a0 \u00a0 \u00a0 \u00a0 \u00a0 \u00a0 \u00a0 \u00a0 \u00a0<\/span><span style=\"color: #0000ff;\">La m\u00e9ditation hypnotique permet d&#8217;\u00e9clairer la conscience, afin de <strong>mettre en lumi\u00e8re des comportements et \u00e9motions nocifs pour vous<\/strong>, et les transmuter, petit \u00e0 petit.\u00a0 \u00a0 \u00a0 \u00a0 \u00a0 \u00a0 \u00a0 \u00a0 \u00a0 \u00a0 \u00a0 \u00a0 \u00a0 \u00a0 \u00a0 \u00a0 \u00a0 \u00a0 \u00a0 \u00a0 \u00a0 \u00a0 \u00a0 \u00a0 \u00a0 \u00a0 \u00a0 \u00a0 \u00a0 \u00a0 \u00a0 \u00a0 \u00a0 \u00a0 \u00a0 \u00a0 \u00a0 \u00a0 \u00a0 \u00a0 \u00a0 \u00a0 \u00a0 \u00a0 \u00a0 \u00a0 \u00a0 \u00a0 \u00a0 \u00a0 \u00a0 \u00a0 \u00a0 \u00a0 \u00a0 \u00a0 \u00a0 \u00a0 \u00a0 \u00a0 \u00a0 \u00a0 \u00a0 \u00a0 \u00a0 \u00a0 \u00a0 \u00a0 \u00a0 \u00a0 \u00a0 \u00a0 \u00a0 \u00a0 \u00a0 \u00a0 \u00a0 \u00a0 \u00a0 \u00a0 \u00a0 \u00a0 \u00a0 \u00a0 \u00a0 \u00a0 \u00a0 \u00a0 \u00a0 \u00a0 \u00a0 \u00a0 \u00a0 \u00a0 \u00a0 \u00a0 \u00a0 \u00a0 \u00a0 \u00a0 \u00a0 \u00a0 \u00a0 \u00a0 \u00a0 \u00a0 \u00a0 \u00a0 \u00a0 \u00a0 \u00a0 \u00a0 \u00a0 \u00a0 \u00a0 \u00a0 \u00a0 \u00a0 \u00a0 \u00a0 \u00a0 \u00a0 \u00a0 \u00a0 \u00a0 \u00a0 \u00a0 <\/span><span style=\"color: #0000ff;\"><strong>En \u00e9quilibrant vos \u00e9nergies, vous reconnectez \u00e0 votre c\u0153ur, pour retrouver s\u00e9r\u00e9nit\u00e9 et joie de vivre.\u00a0 \u00a0 \u00a0 \u00a0 \u00a0 \u00a0 \u00a0 \u00a0 \u00a0 \u00a0 \u00a0 \u00a0 \u00a0 \u00a0 \u00a0 \u00a0 \u00a0 \u00a0 \u00a0 \u00a0 \u00a0 \u00a0 \u00a0 \u00a0 \u00a0 \u00a0 \u00a0 \u00a0 \u00a0 \u00a0 \u00a0 \u00a0 \u00a0 \u00a0 \u00a0 \u00a0 \u00a0 \u00a0 \u00a0 \u00a0 \u00a0 \u00a0 \u00a0 \u00a0 \u00a0 \u00a0 <\/strong><\/span><span style=\"color: #0000ff;\">Ainsi, vous saurez <strong>prendre du recul par rapport aux situations inconfortables<\/strong>.<\/span><\/p>\r\n<p><span style=\"color: #0000ff;\">\r\n\r\n<\/span><\/p>\r\n\r\n\r\n\r\n<p><span style=\"color: #0000ff;\">\r\n\r\n<\/span><\/p>\r\n<h4 style=\"text-align: center;\"><strong><span style=\"color: #800080;\">Devenez qui vous \u00eates et vous saurez qui vous avez toujours \u00e9t\u00e9.<\/span><\/strong><\/h4>\r\n<h4 style=\"text-align: center;\"><strong><span style=\"color: #800080;\">Connais toi toi-m\u00eame et tu conna\u00eetras l&#8217;Univers et les dieux.<\/span><\/strong><\/h4>\r\n<h4 style=\"text-align: center;\"><strong style=\"color: #ff6600; font-size: 1.125rem;\">D\u00e9roulement de l&#8217;accompagnement en pratique en distanciel et (ou) en pr\u00e9sentiel.\u00a0 <\/strong><\/h4>\r\n<h4><span style=\"color: #ff6600;\"><span style=\"color: #0000ff;\">Cela consiste par une prise de RDV (je peux me d\u00e9placer)\u00a0<\/span> <\/span><\/h4>\r\n<h4><span style=\"color: #ff6600;\"><strong>\u00a0<\/strong><\/span><span style=\"color: #0000ff;\">Cette entrevue nous permettra de faire connaissance, je serai attentive \u00e0 tout ce que vous me partagerez.\u00a0 \u00a0 \u00a0 \u00a0 \u00a0 \u00a0 \u00a0 \u00a0 \u00a0 \u00a0 \u00a0 \u00a0 \u00a0 \u00a0 \u00a0 \u00a0<strong>Je vous accompagne et\u00a0 dans le corps physique, \u00e9motionnel, mental et spirituel, sur le chemin de votre essence vibratoire unique.<\/strong><\/span><\/h4>\r\n<h4><strong><span style=\"color: #ff6600;\">Pr\u00e9sentiel\u00a0 \u00e0 Auch (Gers)\/ Dur\u00e9e de la s\u00e9ance :<\/span><\/strong><\/h4>\r\n<ul>\r\n<li><strong style=\"color: #0000ff; font-size: medium;\">S\u00e9ance Individuelle en pr\u00e9sentiel ou en distanciel <\/strong><span style=\"color: #0000ff;\">: entre 30 min et 2h:<\/span><\/li>\r\n<\/ul>\r\n<h4><span style=\"color: #0000ff;\">Tarif : 45 \u20ac<\/span><\/h4>\r\n<ul>\r\n<li><strong style=\"color: #0000ff; font-size: medium;\">Atelier collectif<\/strong><span style=\"color: #0000ff;\"> (6 personnes max., sur un th\u00e8me propos\u00e9) : entre 3h et 3h30:\u00a0 <\/span><\/li>\r\n<\/ul>\r\n<h4><span style=\"color: #0000ff;\">Tarif: 35 \u20ac<\/span><\/h4>\r\n<p><span style=\"color: #ff6600;\"><a style=\"color: #ff6600;\" href=\"https:\/\/yogacandrasurya.fr\/index.php\/accompagnement-energetique\/\">b\u00e9n\u00e9ficiez des soins \u00e9nerg\u00e9tiques<\/a><\/span><\/p>\r\n\r\n\r\n\r\n<h4 class=\"wp-block-heading\" style=\"font-size: 16px; text-align: center;\">l<\/h4>\r\n\r\n\r\n\r\n<h4 class=\"wp-block-heading\" style=\"font-size: 16px;\"><span style=\"color: #ff6600;\"><mark class=\"has-inline-color\" style=\"background-color: rgba(0, 0, 0, 0);\"><span style=\"color: #ff6600;\">Pour me contacter:\u00a0<\/span><\/mark><\/span><\/h4>\r\n\r\n\r\n\r\n<p style=\"text-align: center;\"><mark class=\"has-inline-color has-luminous-vivid-orange-color\" style=\"background-color: rgba(0, 0, 0, 0);\"> <\/mark>\n<div class=\"wpcf7 no-js\" id=\"wpcf7-f1819-o1\" lang=\"fr-FR\" dir=\"ltr\" data-wpcf7-id=\"1819\">\n<div class=\"screen-reader-response\"><p role=\"status\" aria-live=\"polite\" aria-atomic=\"true\"><\/p> <ul><\/ul><\/div>\n<form action=\"\/index.php\/wp-json\/wp\/v2\/pages\/1153#wpcf7-f1819-o1\" method=\"post\" class=\"wpcf7-form init\" aria-label=\"Formulaire de contact\" novalidate=\"novalidate\" data-status=\"init\">\n<fieldset class=\"hidden-fields-container\"><input type=\"hidden\" name=\"_wpcf7\" value=\"1819\" \/><input type=\"hidden\" name=\"_wpcf7_version\" value=\"6.1.5\" \/><input type=\"hidden\" name=\"_wpcf7_locale\" value=\"fr_FR\" \/><input type=\"hidden\" name=\"_wpcf7_unit_tag\" value=\"wpcf7-f1819-o1\" \/><input type=\"hidden\" name=\"_wpcf7_container_post\" value=\"0\" \/><input type=\"hidden\" name=\"_wpcf7_posted_data_hash\" value=\"\" \/>\n<\/fieldset>\n<p><label> Votre nom<br \/>\n<span class=\"wpcf7-form-control-wrap\" data-name=\"your-name\"><input size=\"40\" maxlength=\"400\" class=\"wpcf7-form-control wpcf7-text wpcf7-validates-as-required\" autocomplete=\"name\" aria-required=\"true\" aria-invalid=\"false\" value=\"\" type=\"text\" name=\"your-name\" \/><\/span> <\/label>\n<\/p>\n<p><label> Votre e-mail<br \/>\n<span class=\"wpcf7-form-control-wrap\" data-name=\"your-email\"><input size=\"40\" maxlength=\"400\" class=\"wpcf7-form-control wpcf7-email wpcf7-validates-as-required wpcf7-text wpcf7-validates-as-email\" autocomplete=\"email\" aria-required=\"true\" aria-invalid=\"false\" value=\"\" type=\"email\" name=\"your-email\" \/><\/span> <\/label>\n<\/p>\n<p><label> Objet<br \/>\n<span class=\"wpcf7-form-control-wrap\" data-name=\"your-subject\"><input size=\"40\" maxlength=\"400\" class=\"wpcf7-form-control wpcf7-text wpcf7-validates-as-required\" aria-required=\"true\" aria-invalid=\"false\" value=\"\" type=\"text\" name=\"your-subject\" \/><\/span> <\/label>\n<\/p>\n<p><label> Votre message (facultatif)<br \/>\n<span class=\"wpcf7-form-control-wrap\" data-name=\"your-message\"><textarea cols=\"40\" rows=\"10\" maxlength=\"2000\" class=\"wpcf7-form-control wpcf7-textarea\" aria-invalid=\"false\" name=\"your-message\"><\/textarea><\/span> <\/label>\n<\/p>\n<p><input class=\"wpcf7-form-control wpcf7-submit has-spinner\" type=\"submit\" value=\"Envoyer\" \/>\n<\/p><div class=\"wpcf7-response-output\" aria-hidden=\"true\"><\/div>\n<\/form>\n<\/div>\n<\/p>\r\n","protected":false},"excerpt":{"rendered":"<p>Praticienne \u00e9nerg\u00e9tique quantique et \u00e9claireuse de conscience , je suis \u00e0 votre \u00e9coute et vous accompagne, pour retrouver votre alignement. [&hellip;]<\/p>\n","protected":false},"author":1,"featured_media":0,"parent":0,"menu_order":0,"comment_status":"closed","ping_status":"closed","template":"","meta":{"_et_pb_use_builder":"","_et_pb_old_content":"","_et_gb_content_width":"","_monsterinsights_skip_tracking":false,"_monsterinsights_sitenote_active":false,"_monsterinsights_sitenote_note":"","_monsterinsights_sitenote_category":0,"two_page_speed":[],"footnotes":""},"class_list":["post-1153","page","type-page","status-publish","hentry"],"aioseo_notices":[],"_links":{"self":[{"href":"https:\/\/yogacandrasurya.fr\/index.php\/wp-json\/wp\/v2\/pages\/1153","targetHints":{"allow":["GET"]}}],"collection":[{"href":"https:\/\/yogacandrasurya.fr\/index.php\/wp-json\/wp\/v2\/pages"}],"about":[{"href":"https:\/\/yogacandrasurya.fr\/index.php\/wp-json\/wp\/v2\/types\/page"}],"author":[{"embeddable":true,"href":"https:\/\/yogacandrasurya.fr\/index.php\/wp-json\/wp\/v2\/users\/1"}],"replies":[{"embeddable":true,"href":"https:\/\/yogacandrasurya.fr\/index.php\/wp-json\/wp\/v2\/comments?post=1153"}],"version-history":[{"count":68,"href":"https:\/\/yogacandrasurya.fr\/index.php\/wp-json\/wp\/v2\/pages\/1153\/revisions"}],"predecessor-version":[{"id":2108,"href":"https:\/\/yogacandrasurya.fr\/index.php\/wp-json\/wp\/v2\/pages\/1153\/revisions\/2108"}],"wp:attachment":[{"href":"https:\/\/yogacandrasurya.fr\/index.php\/wp-json\/wp\/v2\/media?parent=1153"}],"curies":[{"name":"wp","href":"https:\/\/api.w.org\/{rel}","templated":true}]}}